{"id":384,"date":"2020-10-07T10:49:58","date_gmt":"2020-10-07T08:49:58","guid":{"rendered":"http:\/\/kongresfilozofiipolskiej.pl\/?page_id=384"},"modified":"2026-02-07T11:17:02","modified_gmt":"2026-02-07T10:17:02","slug":"seminaria","status":"publish","type":"page","link":"http:\/\/kongresfilozofiipolskiej.pl\/index.php\/seminaria\/","title":{"rendered":"Seminaria"},"content":{"rendered":"<div class=\"et_pb_section_0 et_pb_section et_section_regular et_block_section\"><div class=\"et_pb_row_0 et_pb_row et_block_row\"><div class=\"et_pb_column_0 et_pb_column et_pb_column_4_4 et-last-child et_block_column et_pb_css_mix_blend_mode_passthrough\"><div class=\"et_pb_text_0 et_pb_text et_pb_bg_layout_dark et_animated et_pb_module et_block_module\"><div class=\"et_pb_text_inner\"><h1><strong>Seminaria<\/strong><\/h1>\n<\/div><\/div><\/div><\/div><\/div><div class=\"et_pb_section_1 et_pb_section et_section_regular et_block_section\"><div class=\"et_pb_row_1 et_pb_row et_block_row\"><div class=\"et_pb_column_1 et_pb_column et_pb_column_4_4 et-last-child et_block_column et_pb_css_mix_blend_mode_passthrough\"><div class=\"et_pb_text_1 et_pb_text et_pb_bg_layout_light et_animated et_pb_module et_block_module\"><div class=\"et_pb_text_inner\"><p>Kongres Filozofii Polskiej planujemy organizowa\u0107 co dwa lata, a wi\u0119c zapraszamy do spotkania w 2022 roku.\u00a0 Jednak\u017ce, ju\u017c teraz mam do Pa\u0144stwa propozycj\u0119 spotykania si\u0119 regularnie na Seminariach z filozofii polskiej i wsp\u00f3\u0142czesnej.<\/p>\n<p>Prosimy o zg\u0142oszenia referat\u00f3w (ok. 20-25min.) oraz o propozycje temat\u00f3w przysz\u0142ych seminari\u00f3w. Warunkiem min. zg\u0142oszenia referatu jest uko\u0144czenie studi\u00f3w magisterskich. Referaty b\u0119dzie mo\u017cna wyg\u0142osi\u0107 stacjonarnie u nas w Collegium Civitas w Opolu, ul. Katowicka 89, sala 211 lub zdalnie z jakiegokolwiek miejsca na \u015bwiecie. Seminaria s\u0105 otwarte i bezp\u0142atne. Link do wideokonferencji:\u00a0<a href=\"https:\/\/filozofiapolska.akademia.korbank.pl\/adm-fqm-vrp\">https:\/\/filozofiapolska.akademia.korbank.pl\/adm-fqm-vrp<\/a><\/p>\n<p>Poni\u017cej propozycje najbli\u017cszych seminari\u00f3w.<\/p>\n<h3>SEMESTR ZIMOWY 2020-2021<\/h3>\n<p><strong>Koncepcja filozofii i religii u Hoene-Wro\u0144skiego<\/strong>, dnia 29 pa\u017adziernika 2020, 15:00-17:00.<br \/>Referaty: prof. dr hab. Jacek Bartyzel, dr in\u017c. J\u00f3zef Okulewicz.<br \/>Prowadzi: dr hab. W. Julian Korab-Karpowicz, prof. UO.<\/p>\n<p><strong>Perspektywy dla rozwoju metafizyki w filozofii wsp\u00f3\u0142czesnej<\/strong>, dnia 26 listopada 2020, 15:00-17:00<br \/>Referaty: prof. Wiliam Auden, dr Magdalena Mruszczyk.<br \/>Prowadzi: dr hab. W. Julian Korab-Karpowicz, prof. UO.<\/p>\n<h3>SEMEST LETNI 2020-2021<\/h3>\n<p><strong>O warto\u015bciach i istocie cywilizacji<\/strong>, dnia 18 marca 2021, 17:00-19:00.<br \/>Referaty: prof. William C. Auden, mgr in\u017c. Krzysztof Julian Wojtas<br \/>Prowadzi: dr hab. W. Julian Korab-Karpowicz, prof. UO.<\/p>\n<p><strong>Perspektywy dla rozwoju metafizyki w filozofii wsp\u00f3\u0142czesnej<\/strong>, dnia 29 kwietnia 2021, 17:00-19:00<br \/>Referaty: prof. dr hab. Ryszard Kleszcz, dr hab. Janusz Maciaszek, prof. U\u0141<br \/>Prowadzi: dr hab. W. Julian Korab-Karpowicz, prof. UO<strong><\/strong><\/p>\n<\/div><\/div><\/div><\/div><\/div>","protected":false},"excerpt":{"rendered":"","protected":false},"author":1,"featured_media":0,"parent":0,"menu_order":0,"comment_status":"closed","ping_status":"closed","template":"","meta":{"footnotes":""},"class_list":["post-384","page","type-page","status-publish","hentry"],"_links":{"self":[{"href":"http:\/\/kongresfilozofiipolskiej.pl\/index.php\/wp-json\/wp\/v2\/pages\/384","targetHints":{"allow":["GET"]}}],"collection":[{"href":"http:\/\/kongresfilozofiipolskiej.pl\/index.php\/wp-json\/wp\/v2\/pages"}],"about":[{"href":"http:\/\/kongresfilozofiipolskiej.pl\/index.php\/wp-json\/wp\/v2\/types\/page"}],"author":[{"embeddable":true,"href":"http:\/\/kongresfilozofiipolskiej.pl\/index.php\/wp-json\/wp\/v2\/users\/1"}],"replies":[{"embeddable":true,"href":"http:\/\/kongresfilozofiipolskiej.pl\/index.php\/wp-json\/wp\/v2\/comments?post=384"}],"version-history":[{"count":12,"href":"http:\/\/kongresfilozofiipolskiej.pl\/index.php\/wp-json\/wp\/v2\/pages\/384\/revisions"}],"predecessor-version":[{"id":632,"href":"http:\/\/kongresfilozofiipolskiej.pl\/index.php\/wp-json\/wp\/v2\/pages\/384\/revisions\/632"}],"wp:attachment":[{"href":"http:\/\/kongresfilozofiipolskiej.pl\/index.php\/wp-json\/wp\/v2\/media?parent=384"}],"curies":[{"name":"wp","href":"https:\/\/api.w.org\/{rel}","templated":true}]}}